{"id":2,"date":"2024-04-29T15:51:57","date_gmt":"2024-04-29T15:51:57","guid":{"rendered":"https:\/\/nggservices.no\/?page_id=2"},"modified":"2024-08-06T10:26:26","modified_gmt":"2024-08-06T10:26:26","slug":"sample-page","status":"publish","type":"page","link":"https:\/\/nggservices.no\/?page_id=2","title":{"rendered":"Tjenester"},"content":{"rendered":"\n<div class=\"wp-block-group alignwide is-vertical is-layout-flex wp-container-core-group-is-layout-fe9cc265 wp-block-group-is-layout-flex\">\n<p class=\"has-small-font-size\">Helt konkret: Jeg hjelper selskapet ditt med \u00e5 komme i gang med Power BI, enten du \u00f8nsker oppsett av datakilder og utarbeidelse av ferdige rapporter, eller ved \u00e5 hjelpe ansatte med \u00e5 komme i gang p\u00e5 egenh\u00e5nd.<\/p>\n\n\n\n<p class=\"has-small-font-size\">Mange selskaper samler inn enorme mengder med data, men bruker dem knapt. Andre har dusinvis med Excel-baserte rapporter, men bruker mange og dyre ansatt-timer p\u00e5 \u00e5 utarbeide og vedlikeholde dem grunnet oppstykkede datakilder og -formater. Dette f\u00f8rer som regel til rapporter med begrenset innsiktsverdi, samtidig som man knytter opp ansattressurser i manuelle rutineoppgaver fremfor \u00e5 bidra med verdiskapende aktiviteter.<\/p>\n\n\n\n<p class=\"has-small-font-size\">Ved \u00e5 ta i bruk Power BI kan man b\u00e5de \u00f8ke verdiskapning og redusere kostnader og tidsbruk.<\/p>\n\n\n\n<p class=\"has-small-font-size\">Noen har sett eksempler p\u00e5 hvordan andre selskaper har klart \u00e5 ta Power BI i bruk \u2013 men hvordan kommer man egentlig i gang selv? Veien kan v\u00e6re lang n\u00e5r man starter fra scratch. Jeg vet av erfaring hvor mange skj\u00e6r som finnes i sj\u00f8en n\u00e5r det kommer til \u00e5 bli dyktig i dette. Derfor setter jeg opp datakildene slik at de ogs\u00e5 kan benyttes av andre til \u00e5 lage egne rapporter, slik at selskapet er rustet til \u00e5 st\u00e5 p\u00e5 egne ben for fremtidige analyser og rapporteringsbehov.&nbsp;&nbsp;&nbsp;&nbsp;&nbsp;&nbsp;&nbsp;&nbsp;&nbsp;&nbsp;&nbsp;&nbsp;<\/p>\n\n\n\n<p class=\"has-small-font-size\">I kjernen av tjenestene jeg leverer ligger det et l\u00f8fte om at kunden vil motta effektive og p\u00e5litelige l\u00f8sninger, som er intuitive og enkle \u00e5 vedlikeholde. Dette omfatter tilpassing av dataimport, transformasjon og automatisering av dataflyt som f\u00f8rer til mer effektiv rapportering og analyse.<\/p>\n\n\n\n<p class=\"has-small-font-size\">Hvorfor ikke ta <a href=\"https:\/\/nggservices.no\/?page_id=68\" data-type=\"page\" data-id=\"68\">kontakt<\/a> for en helt uforpliktende prat, s\u00e5 ser vi sammen om dette kan v\u00e6re noe?<\/p>\n<\/div>\n\n\n\n<figure class=\"wp-block-image aligncenter size-medium\"><img loading=\"lazy\" decoding=\"async\" width=\"300\" height=\"300\" src=\"https:\/\/nggservices.no\/wp-content\/uploads\/2024\/05\/Logo-NGG-Services-300x300.png\" alt=\"\" class=\"wp-image-159\" srcset=\"https:\/\/nggservices.no\/wp-content\/uploads\/2024\/05\/Logo-NGG-Services-300x300.png 300w, https:\/\/nggservices.no\/wp-content\/uploads\/2024\/05\/Logo-NGG-Services-1024x1024.png 1024w, https:\/\/nggservices.no\/wp-content\/uploads\/2024\/05\/Logo-NGG-Services-150x150.png 150w, https:\/\/nggservices.no\/wp-content\/uploads\/2024\/05\/Logo-NGG-Services-768x768.png 768w, https:\/\/nggservices.no\/wp-content\/uploads\/2024\/05\/Logo-NGG-Services.png 1064w\" sizes=\"auto, (max-width: 300px) 100vw, 300px\" \/><\/figure>\n","protected":false},"excerpt":{"rendered":"<p>Helt konkret: Jeg hjelper selskapet ditt med \u00e5 komme i gang med Power BI, enten du \u00f8nsker oppsett av datakilder og utarbeidelse av ferdige rapporter, eller ved \u00e5 hjelpe ansatte med \u00e5 komme i gang p\u00e5 egenh\u00e5nd. Mange selskaper samler inn enorme mengder med data, men bruker dem knapt. Andre har dusinvis med Excel-baserte rapporter, [&hellip;]<\/p>\n","protected":false},"author":1,"featured_media":0,"parent":0,"menu_order":0,"comment_status":"closed","ping_status":"open","template":"","meta":{"footnotes":""},"class_list":["post-2","page","type-page","status-publish","hentry"],"_links":{"self":[{"href":"https:\/\/nggservices.no\/index.php?rest_route=\/wp\/v2\/pages\/2","targetHints":{"allow":["GET"]}}],"collection":[{"href":"https:\/\/nggservices.no\/index.php?rest_route=\/wp\/v2\/pages"}],"about":[{"href":"https:\/\/nggservices.no\/index.php?rest_route=\/wp\/v2\/types\/page"}],"author":[{"embeddable":true,"href":"https:\/\/nggservices.no\/index.php?rest_route=\/wp\/v2\/users\/1"}],"replies":[{"embeddable":true,"href":"https:\/\/nggservices.no\/index.php?rest_route=%2Fwp%2Fv2%2Fcomments&post=2"}],"version-history":[{"count":32,"href":"https:\/\/nggservices.no\/index.php?rest_route=\/wp\/v2\/pages\/2\/revisions"}],"predecessor-version":[{"id":346,"href":"https:\/\/nggservices.no\/index.php?rest_route=\/wp\/v2\/pages\/2\/revisions\/346"}],"wp:attachment":[{"href":"https:\/\/nggservices.no\/index.php?rest_route=%2Fwp%2Fv2%2Fmedia&parent=2"}],"curies":[{"name":"wp","href":"https:\/\/api.w.org\/{rel}","templated":true}]}}