{"id":302,"date":"2024-08-06T09:53:06","date_gmt":"2024-08-06T09:53:06","guid":{"rendered":"https:\/\/nggservices.no\/?page_id=302"},"modified":"2024-08-06T10:24:03","modified_gmt":"2024-08-06T10:24:03","slug":"om-meg","status":"publish","type":"page","link":"https:\/\/nggservices.no\/?page_id=302","title":{"rendered":"Om meg"},"content":{"rendered":"\n<div class=\"wp-block-media-text is-stacked-on-mobile is-vertically-aligned-top is-style-default\" style=\"grid-template-columns:15% auto\"><figure class=\"wp-block-media-text__media\"><img loading=\"lazy\" decoding=\"async\" width=\"576\" height=\"962\" src=\"https:\/\/nggservices.no\/wp-content\/uploads\/2024\/08\/IMG_5142_CV.png\" alt=\"\" class=\"wp-image-270 size-full\" srcset=\"https:\/\/nggservices.no\/wp-content\/uploads\/2024\/08\/IMG_5142_CV.png 576w, https:\/\/nggservices.no\/wp-content\/uploads\/2024\/08\/IMG_5142_CV-180x300.png 180w\" sizes=\"auto, (max-width: 576px) 100vw, 576px\" \/><\/figure><div class=\"wp-block-media-text__content\">\n<p class=\"has-small-font-size\">Jeg er utdannet sivil\u00f8konom, med en mastergrad i Applied Economics and Finance fra Copenhagen Business School (2015). Jeg har brukt Power BI i jobbsammenheng siden 2019, og privat omtrent like lenge &#8211; blant annet til \u00e5 f\u00f8lge utvikling i energipriser og for \u00e5 analysere stemmegivning i EU-parlamentet.<\/p>\n\n\n\n<p class=\"has-text-align-left has-small-font-size\">Selv om min formelle kompetanse er innenfor \u00f8konomi og finans, har jeg siden 2014 holdt p\u00e5 med programmering i spr\u00e5k som Java, Python, VBA og Swift; b\u00e5de gjennom jobb og i private prosjekter. I 2023 lanserte jeg for eksempel mitt f\u00f8rste spill, Dash Dash Dive, til iPhone.<\/p>\n\n\n\n<p class=\"has-small-font-size\" style=\"margin-top:0;margin-bottom:0;padding-right:0;padding-left:0\">Som \u00f8konom er jeg opptatt av effektive prosesser og minimering av aktiviteter som ikke er verdiskapende. Dette inkluderer tiden som g\u00e5r med til \u00e5 oppdatere \u00f8konomirapporter, varesalgsoversikter og PowerPoint-presentasjoner. Jeg er ogs\u00e5 opptatt av at data skal v\u00e6re tilgjengelig for bedriftens ansatte uten flaskehalser som hindrer produktivitet.<\/p>\n\n\n\n<p class=\"has-text-align-left has-small-font-size\">Jeg startet NGG Services AS fordi jeg vet at mange selskaper er i stand til \u00e5 ta store steg innen datainnsikt og automatisering, s\u00e5 lenge de f\u00e5r starthjelp for \u00e5 komme i gang. Noe av det verdifulle med Power BI er nemlig at man ikke trenger \u00e5 v\u00e6re over snittet interessert i programmering for \u00e5 ta det i bruk (selv om det hjelper i startfasen).<\/p>\n<\/div><\/div>\n","protected":false},"excerpt":{"rendered":"<p>Jeg er utdannet sivil\u00f8konom, med en mastergrad i Applied Economics and Finance fra Copenhagen Business School (2015). Jeg har brukt Power BI i jobbsammenheng siden 2019, og privat omtrent like lenge &#8211; blant annet til \u00e5 f\u00f8lge utvikling i energipriser og for \u00e5 analysere stemmegivning i EU-parlamentet. Selv om min formelle kompetanse er innenfor \u00f8konomi [&hellip;]<\/p>\n","protected":false},"author":1,"featured_media":0,"parent":0,"menu_order":0,"comment_status":"closed","ping_status":"closed","template":"","meta":{"footnotes":""},"class_list":["post-302","page","type-page","status-publish","hentry"],"_links":{"self":[{"href":"https:\/\/nggservices.no\/index.php?rest_route=\/wp\/v2\/pages\/302","targetHints":{"allow":["GET"]}}],"collection":[{"href":"https:\/\/nggservices.no\/index.php?rest_route=\/wp\/v2\/pages"}],"about":[{"href":"https:\/\/nggservices.no\/index.php?rest_route=\/wp\/v2\/types\/page"}],"author":[{"embeddable":true,"href":"https:\/\/nggservices.no\/index.php?rest_route=\/wp\/v2\/users\/1"}],"replies":[{"embeddable":true,"href":"https:\/\/nggservices.no\/index.php?rest_route=%2Fwp%2Fv2%2Fcomments&post=302"}],"version-history":[{"count":39,"href":"https:\/\/nggservices.no\/index.php?rest_route=\/wp\/v2\/pages\/302\/revisions"}],"predecessor-version":[{"id":317,"href":"https:\/\/nggservices.no\/index.php?rest_route=\/wp\/v2\/pages\/302\/revisions\/317"}],"wp:attachment":[{"href":"https:\/\/nggservices.no\/index.php?rest_route=%2Fwp%2Fv2%2Fmedia&parent=302"}],"curies":[{"name":"wp","href":"https:\/\/api.w.org\/{rel}","templated":true}]}}