{"id":350,"date":"2024-08-07T13:02:56","date_gmt":"2024-08-07T13:02:56","guid":{"rendered":"https:\/\/nggservices.no\/?page_id=350"},"modified":"2024-08-07T14:50:05","modified_gmt":"2024-08-07T14:50:05","slug":"cookies","status":"publish","type":"page","link":"https:\/\/nggservices.no\/?page_id=350","title":{"rendered":"Cookies"},"content":{"rendered":"\n<p><strong>Cookie-erkl\u00e6ring<\/strong><\/p>\n\n\n\n<p>P\u00e5 denne nettsiden benytter vi cookies. Denne cookie-erkl\u00e6ringen beskriver bruken av cookies p\u00e5 www.nggservices.no, samt hvilke til hvilke form\u00e5l vi benytter cookies.<\/p>\n\n\n\n<p><strong>Definisjoner:<\/strong><\/p>\n\n\n\n<ul class=\"wp-block-list\">\n<li>Cookies: en teknologi som oss lagre og lese informasjon i din nettleser, og det kan brukes til mange ulike form\u00e5l.<\/li>\n\n\n\n<li>F\u00f8rsteparts-cookies er cookies som er satt av og brukes av denne nettsiden,<\/li>\n\n\n\n<li>Tredjeparts-cookies er cookies som settes og brukes av tredjeparter, det vil si andre nettsider\/tjenester vi benytter oss av p\u00e5 denne nettsiden. Alle tredjeparts-cookies p\u00e5 nette nettsiden er dokumentert ved navn.<\/li>\n<\/ul>\n\n\n\n<p>Denne nettsiden bruker b\u00e5de f\u00f8rsteparts-cookies og tredjeparts-cookies.<\/p>\n\n\n\n<p>Vi bruker cookies til f\u00f8lgende form\u00e5l:<\/p>\n\n\n\n<p><strong>Funksjonelle cookies<\/strong><br>Dette er n\u00f8dvendige cookies s\u00f8rger for at denne nettsiden fungerer som den skal.<\/p>\n\n\n\n<p><strong>Analyse og statistikk<\/strong><br>Dette er cookies som bruker til trafikkm\u00e5linger og analyse av bruksm\u00f8nster etc.<\/p>\n\n\n\n<p><strong>Personalisering\/tilpasning<\/strong><br>Cookies som brukes til \u00e5 tilpasse nettsiden basert p\u00e5 hva vi vet om deg. Det kan for eksempel v\u00e6re at vi viser informasjon om produkter\/tjenester som vi tror kan v\u00e6re interessant for deg fordi du har vist interesse for produktet\/tjenesten fra tidligere bes\u00f8k p\u00e5 nettsiden.<\/p>\n\n\n\n<p><strong>Markedsf\u00f8ring<\/strong><br>Dette er cookies som brukes til styre v\u00e5r markedsf\u00f8ring, ved for eksempel \u00e5 vise annonser p\u00e5 andre nettsider til de som har bes\u00f8kt denne nettsiden.<\/p>\n\n\n\n<p><strong>Annonser<\/strong><br>Dette er cookies som brukes til \u00e5 vise annonser p\u00e5 denne nettsiden.<\/p>\n\n\n\n<p>Oversikt over cookies p\u00e5 www.nggservices.no<\/p>\n\n\n\n<figure class=\"wp-block-table\"><table class=\"has-fixed-layout\"><tbody><tr><td><strong>Navn<\/strong><\/td><td><strong>Form\u00e5l<\/strong><\/td><td><strong>Varighet<\/strong><\/td><td><strong>Mottaker\/leverand\u00f8r<\/strong><\/td><\/tr><tr><td>_ga<\/td><td>Analyse og statistikk<\/td><td>2 \u00e5r<\/td><td>Google\/Alphabet<\/td><\/tr><tr><td>cmplz<\/td><td>Funksjonelt<\/td><td>1 \u00e5r<\/td><td>Complianz<\/td><\/tr><\/tbody><\/table><\/figure>\n","protected":false},"excerpt":{"rendered":"<p>Cookie-erkl\u00e6ring P\u00e5 denne nettsiden benytter vi cookies. Denne cookie-erkl\u00e6ringen beskriver bruken av cookies p\u00e5 www.nggservices.no, samt hvilke til hvilke form\u00e5l vi benytter cookies. Definisjoner: Denne nettsiden bruker b\u00e5de f\u00f8rsteparts-cookies og tredjeparts-cookies. Vi bruker cookies til f\u00f8lgende form\u00e5l: Funksjonelle cookiesDette er n\u00f8dvendige cookies s\u00f8rger for at denne nettsiden fungerer som den skal. Analyse og statistikkDette er [&hellip;]<\/p>\n","protected":false},"author":1,"featured_media":0,"parent":0,"menu_order":0,"comment_status":"closed","ping_status":"closed","template":"","meta":{"footnotes":""},"class_list":["post-350","page","type-page","status-publish","hentry"],"_links":{"self":[{"href":"https:\/\/nggservices.no\/index.php?rest_route=\/wp\/v2\/pages\/350","targetHints":{"allow":["GET"]}}],"collection":[{"href":"https:\/\/nggservices.no\/index.php?rest_route=\/wp\/v2\/pages"}],"about":[{"href":"https:\/\/nggservices.no\/index.php?rest_route=\/wp\/v2\/types\/page"}],"author":[{"embeddable":true,"href":"https:\/\/nggservices.no\/index.php?rest_route=\/wp\/v2\/users\/1"}],"replies":[{"embeddable":true,"href":"https:\/\/nggservices.no\/index.php?rest_route=%2Fwp%2Fv2%2Fcomments&post=350"}],"version-history":[{"count":2,"href":"https:\/\/nggservices.no\/index.php?rest_route=\/wp\/v2\/pages\/350\/revisions"}],"predecessor-version":[{"id":360,"href":"https:\/\/nggservices.no\/index.php?rest_route=\/wp\/v2\/pages\/350\/revisions\/360"}],"wp:attachment":[{"href":"https:\/\/nggservices.no\/index.php?rest_route=%2Fwp%2Fv2%2Fmedia&parent=350"}],"curies":[{"name":"wp","href":"https:\/\/api.w.org\/{rel}","templated":true}]}}